{"id":1593,"date":"2020-11-10T12:20:17","date_gmt":"2020-11-10T11:20:17","guid":{"rendered":"http:\/\/vermeulen-immobilier.be\/?page_id=1593"},"modified":"2021-03-04T20:55:09","modified_gmt":"2021-03-04T19:55:09","slug":"accueil","status":"publish","type":"page","link":"https:\/\/vermeulen-immobilier.be\/index.php\/accueil\/","title":{"rendered":"pr\u00e9sentation suite"},"content":{"rendered":"<p><div class=\"fusion-fullwidth fullwidth-box fusion-builder-row-1 nonhundred-percent-fullwidth non-hundred-percent-height-scrolling\"  style='background-color: #f7c42c;background-position: center center;background-repeat: no-repeat;padding-top:0px;padding-right:0px;padding-bottom:0px;padding-left:0px;'><div class=\"fusion-builder-row fusion-row \"><div  class=\"fusion-layout-column fusion_builder_column fusion_builder_column_1_1 fusion-builder-column-0 fusion-one-full fusion-column-first fusion-column-last 1_1\"  style='margin-top:0px;margin-bottom:20px;'><div class=\"fusion-column-wrapper\" style=\"padding: 0px 0px 0px 0px;background-position:left top;background-repeat:no-repeat;-webkit-background-size:cover;-moz-background-size:cover;-o-background-size:cover;background-size:cover;\"   data-bg-url=\"\"><div class=\"fusion-clearfix\"><\/div><\/div><\/div><\/div><\/div><style type=\"text\/css\">.fusion-fullwidth.fusion-builder-row-1 a:not(.fusion-button):not(.fusion-builder-module-control):not(.fusion-social-network-icon):not(.fb-icon-element):not(.fusion-countdown-link):not(.fusion-rollover-link):not(.fusion-rollover-gallery):not(.fusion-button-bar):not(.add_to_cart_button):not(.show_details_button):not(.product_type_external):not(.fusion-quick-view):not(.fusion-rollover-title-link):not(.fusion-breadcrumb-link) , .fusion-fullwidth.fusion-builder-row-1 a:not(.fusion-button):not(.fusion-builder-module-control):not(.fusion-social-network-icon):not(.fb-icon-element):not(.fusion-countdown-link):not(.fusion-rollover-link):not(.fusion-rollover-gallery):not(.fusion-button-bar):not(.add_to_cart_button):not(.show_details_button):not(.product_type_external):not(.fusion-quick-view):not(.fusion-rollover-title-link):not(.fusion-breadcrumb-link):before, .fusion-fullwidth.fusion-builder-row-1 a:not(.fusion-button):not(.fusion-builder-module-control):not(.fusion-social-network-icon):not(.fb-icon-element):not(.fusion-countdown-link):not(.fusion-rollover-link):not(.fusion-rollover-gallery):not(.fusion-button-bar):not(.add_to_cart_button):not(.show_details_button):not(.product_type_external):not(.fusion-quick-view):not(.fusion-rollover-title-link):not(.fusion-breadcrumb-link):after {color: #549f97;}.fusion-fullwidth.fusion-builder-row-1 a:not(.fusion-button):not(.fusion-builder-module-control):not(.fusion-social-network-icon):not(.fb-icon-element):not(.fusion-countdown-link):not(.fusion-rollover-link):not(.fusion-rollover-gallery):not(.fusion-button-bar):not(.add_to_cart_button):not(.show_details_button):not(.product_type_external):not(.fusion-quick-view):not(.fusion-rollover-title-link):not(.fusion-breadcrumb-link):hover, .fusion-fullwidth.fusion-builder-row-1 a:not(.fusion-button):not(.fusion-builder-module-control):not(.fusion-social-network-icon):not(.fb-icon-element):not(.fusion-countdown-link):not(.fusion-rollover-link):not(.fusion-rollover-gallery):not(.fusion-button-bar):not(.add_to_cart_button):not(.show_details_button):not(.product_type_external):not(.fusion-quick-view):not(.fusion-rollover-title-link):not(.fusion-breadcrumb-link):hover:before, .fusion-fullwidth.fusion-builder-row-1 a:not(.fusion-button):not(.fusion-builder-module-control):not(.fusion-social-network-icon):not(.fb-icon-element):not(.fusion-countdown-link):not(.fusion-rollover-link):not(.fusion-rollover-gallery):not(.fusion-button-bar):not(.add_to_cart_button):not(.show_details_button):not(.product_type_external):not(.fusion-quick-view):not(.fusion-rollover-title-link):not(.fusion-breadcrumb-link):hover:after {color: #f7c42c;}.fusion-fullwidth.fusion-builder-row-1 .pagination a.inactive:hover, .fusion-fullwidth.fusion-builder-row-1 .fusion-filters .fusion-filter.fusion-active a {border-color: #f7c42c;}.fusion-fullwidth.fusion-builder-row-1 .pagination .current {border-color: #f7c42c; background-color: #f7c42c;}.fusion-fullwidth.fusion-builder-row-1 .fusion-filters .fusion-filter.fusion-active a, .fusion-fullwidth.fusion-builder-row-1 .fusion-date-and-formats .fusion-format-box, .fusion-fullwidth.fusion-builder-row-1 .fusion-popover, .fusion-fullwidth.fusion-builder-row-1 .tooltip-shortcode {color: #f7c42c;}#main .fusion-fullwidth.fusion-builder-row-1 .post .blog-shortcode-post-title a:hover {color: #f7c42c;}<\/style><div class=\"fusion-fullwidth fullwidth-box fusion-builder-row-2 nonhundred-percent-fullwidth hundred-percent-height non-hundred-percent-height-scrolling\"  style='background-color: rgba(255,255,255,0);background-position: center center;background-repeat: no-repeat;padding-top:0px;padding-right:0px;padding-bottom:0px;padding-left:0px;'><div class=\"fusion-builder-row fusion-row \"><div  class=\"fusion-layout-column fusion_builder_column fusion_builder_column_1_6 fusion-builder-column-1 fusion-one-sixth fusion-column-first 1_6\"  style='margin-top:20px;margin-bottom:20px;width:16.66%;width:calc(16.66% - ( ( 4% ) * 0.1666 ) );margin-right: 4%;'><div class=\"fusion-column-wrapper\" style=\"border:4px solid #f7c42c;padding: 0px 0px 0px 0px;background-position:left top;background-repeat:no-repeat;-webkit-background-size:cover;-moz-background-size:cover;-o-background-size:cover;background-size:cover;\"   data-bg-url=\"\"><div class=\"imageframe-align-center\"><span class=\"fusion-imageframe imageframe-none imageframe-1 hover-type-none\"><img loading=\"lazy\" decoding=\"async\" src=\"http:\/\/vermeulen-immobilier.be\/wp-content\/uploads\/2021\/02\/agent-immobilier-IPI509282-Vermeulen-Celine-investissement-Bruxelles-presentation-225x300.jpg\" width=\"225\" height=\"300\" alt=\"\" title=\"agent immobilier IPI509282 Vermeulen Celine investissement Bruxelles presentation\" class=\"img-responsive wp-image-2157\" srcset=\"https:\/\/vermeulen-immobilier.be\/wp-content\/uploads\/2021\/02\/agent-immobilier-IPI509282-Vermeulen-Celine-investissement-Bruxelles-presentation-200x267.jpg 200w, https:\/\/vermeulen-immobilier.be\/wp-content\/uploads\/2021\/02\/agent-immobilier-IPI509282-Vermeulen-Celine-investissement-Bruxelles-presentation.jpg 283w\" sizes=\"auto, (max-width: 850px) 100vw, 200px\" \/><\/span><\/div><div class=\"fusion-clearfix\"><\/div><\/div><\/div><div  class=\"fusion-layout-column fusion_builder_column fusion_builder_column_5_6 fusion-builder-column-2 fusion-five-sixth fusion-column-last 5_6\"  style='margin-top:20px;margin-bottom:20px;width:83.33%;width:calc(83.33% - ( ( 4% ) * 0.8333 ) );'><div class=\"fusion-column-wrapper\" style=\"background-color:rgba(255,255,255,0.9);padding: 0px 0px 0px 0px;background-position:left top;background-repeat:no-repeat;-webkit-background-size:cover;-moz-background-size:cover;-o-background-size:cover;background-size:cover;\"   data-bg-url=\"\"><span class=\"fusion-imageframe imageframe-none imageframe-2 hover-type-none\"><img loading=\"lazy\" decoding=\"async\" src=\"http:\/\/vermeulen-immobilier.be\/wp-content\/uploads\/2020\/06\/separator-4px.png\" width=\"4\" height=\"4\" alt=\"\" title=\"separator 4px\" class=\"img-responsive wp-image-1237\"\/><\/span><div class=\"fusion-builder-row fusion-builder-row-inner fusion-row \"><div  class=\"fusion-layout-column fusion_builder_column fusion_builder_column_1_1 fusion-builder-nested-column-1 fusion-one-full fusion-column-first fusion-column-last 1_1\"  style='margin-top: 0px;margin-bottom: 20px;'>\n\t\t\t\t\t<div class=\"fusion-column-wrapper fusion-column-wrapper-1\" style=\"padding: 0px 0px 0px 0px;background-position:left top;background-repeat:no-repeat;-webkit-background-size:cover;-moz-background-size:cover;-o-background-size:cover;background-size:cover;\" data-bg-url=\"\">\n\t\t\t\t\t\t<style type=\"text\/css\"><\/style><div class=\"fusion-title title fusion-title-1 fusion-title-center fusion-title-text fusion-title-size-three\" style=\"margin-top:0px;margin-bottom:0px;\"><div class=\"title-sep-container title-sep-container-left\"><div class=\"title-sep sep-\" style=\"border-color:#e0dede;\"><\/div><\/div><h3 class=\"title-heading-center\" style=\"margin:0;color:#3b4251;\"><p style=\"text-align: center;\">MON PARCOURS\u00a0 \u2013\u00a0 SUITE<\/p><\/h3><div class=\"title-sep-container title-sep-container-right\"><div class=\"title-sep sep-\" style=\"border-color:#e0dede;\"><\/div><\/div><\/div><div class=\"fusion-text\"><blockquote>\n<div id=\"v1gmail-m_1701673286922730669replybody1\">\n<div dir=\"ltr\">\n<div>\n<p align=\"JUSTIFY\">Dans l\u2019immobilier depuis 2008 avec passion et d\u00e9termination !<br \/>\nDepuis le d\u00e9but de ma carri\u00e8re jusqu&rsquo;\u00e0 l\u2019exp\u00e9rience actuelle, se profilent un caract\u00e8re et un dynamisme in\u00e9puisables. Int\u00e9ress\u00e9e d\u00e8s le plus jeune \u00e2ge par le secteur de l\u2019immobilier, c\u2019est par des \u00e9tudes de marketing et management couronn\u00e9es de succ\u00e8s que ma passion se confirme. Ensuite un cursus vient compl\u00e9ter la formation immobili\u00e8re : agr\u00e9\u00e9e IPI 509.282 avec grande distinction.<\/p>\n<p style=\"text-align: justify;\" align=\"JUSTIFY\">Au d\u00e9but de ma carri\u00e8re j&rsquo;ai pu travailler avec plusieurs agences bruxelloises ; un parcours personnel s&rsquo;est rapidement construit et m&rsquo;a amen\u00e9e \u00e0 la cr\u00e9ation de ma propre entreprise. Les valeurs que je souhaite d\u00e9fendre dans ce domaine sont omnipr\u00e9sentes.<br \/>\nA ce cursus se rajoute une exp\u00e9rience pointue dans la branche de l&rsquo;investissement, acquise au fil des dossiers, ventes et rencontres de professionnels sur le terrain.<\/p>\n<\/div>\n<\/div>\n<\/div>\n<\/blockquote>\n<\/div>\n\n\t\t\t\t\t<\/div>\n\t\t\t\t<\/div><\/div><div class=\"fusion-clearfix\"><\/div><\/div><\/div><div  class=\"fusion-layout-column fusion_builder_column fusion_builder_column_2_5 fusion-builder-column-3 fusion-two-fifth fusion-column-first 2_5\"  style='margin-top:0px;margin-bottom:20px;width:40%;width:calc(40% - ( ( 4% ) * 0.4 ) );margin-right: 4%;'><div class=\"fusion-column-wrapper\" style=\"background-color:rgba(255,255,255,0.9);padding: 0px 0px 0px 0px;background-position:left top;background-repeat:no-repeat;-webkit-background-size:cover;-moz-background-size:cover;-o-background-size:cover;background-size:cover;\"   data-bg-url=\"\"><span class=\"fusion-imageframe imageframe-none imageframe-3 hover-type-none\"><img loading=\"lazy\" decoding=\"async\" src=\"http:\/\/vermeulen-immobilier.be\/wp-content\/uploads\/2020\/06\/separator-4px.png\" width=\"4\" height=\"4\" alt=\"\" title=\"separator 4px\" class=\"img-responsive wp-image-1237\"\/><\/span><div class=\"fusion-builder-row fusion-builder-row-inner fusion-row \"><div  class=\"fusion-layout-column fusion_builder_column fusion_builder_column_1_1 fusion-builder-nested-column-2 fusion-one-full fusion-column-first fusion-column-last 1_1\"  style='margin-top: 0px;margin-bottom: 20px;'>\n\t\t\t\t\t<div class=\"fusion-column-wrapper fusion-column-wrapper-2\" style=\"padding: 0px 0px 0px 0px;background-position:left top;background-repeat:no-repeat;-webkit-background-size:cover;-moz-background-size:cover;-o-background-size:cover;background-size:cover;\" data-bg-url=\"\">\n\t\t\t\t\t\t<style type=\"text\/css\"><\/style><div class=\"fusion-title title fusion-title-2 fusion-title-center fusion-title-text fusion-title-size-three\" style=\"margin-top:0px;margin-bottom:0px;\"><div class=\"title-sep-container title-sep-container-left\"><div class=\"title-sep sep-\" style=\"border-color:#e0dede;\"><\/div><\/div><h3 class=\"title-heading-center\" style=\"margin:0;color:#3b4251;\"><p style=\"text-align: center;\">VALEURS DE L&rsquo;ENTREPRISE\u00a0 \u2013\u00a0 SUITE<\/p><\/h3><div class=\"title-sep-container title-sep-container-right\"><div class=\"title-sep sep-\" style=\"border-color:#e0dede;\"><\/div><\/div><\/div><div class=\"fusion-text\"><blockquote>\n<div id=\"v1gmail-m_1701673286922730669replybody1\">\n<div dir=\"ltr\">\n<div>\n<p align=\"JUSTIFY\">Passion, rigueur, accueil, dynamisme\u00a0!<br \/>\nLe choisi de travailler de mani\u00e8re ind\u00e9pendante et innovante hors des sentiers battus pour offrir le meilleur service \u00e9tait une \u00e9vidence. Selon moi cela offre \u00e0 la client\u00e8le une garantie de qualit\u00e9, flexibilit\u00e9,<\/p>\n<p align=\"JUSTIFY\">et accompagnement personnalis\u00e9 durant tout le processus de ma mission qu&rsquo;est l\u2019aboutissement de votre projet. Ce sont l\u00e0 les forces et les raisons de la r\u00e9ussite de l\u2019entreprise !<br \/>\nAfin d&rsquo;offrir une \u00e9coute \u00e0 la hauteur de notre client\u00e8le, les valeurs familiales en sont le fondement au sein de nos relations.<\/p>\n<\/div>\n<\/div>\n<\/div>\n<\/blockquote>\n<\/div>\n\n\t\t\t\t\t<\/div>\n\t\t\t\t<\/div><\/div><div class=\"fusion-clearfix\"><\/div><\/div><\/div><div  class=\"fusion-layout-column fusion_builder_column fusion_builder_column_3_5 fusion-builder-column-4 fusion-three-fifth fusion-column-last 3_5\"  style='margin-top:0px;margin-bottom:20px;width:60%;width:calc(60% - ( ( 4% ) * 0.6 ) );'><div class=\"fusion-column-wrapper\" style=\"background-color:rgba(255,255,255,0.9);padding: 0px 0px 0px 0px;background-position:left top;background-repeat:no-repeat;-webkit-background-size:cover;-moz-background-size:cover;-o-background-size:cover;background-size:cover;\"   data-bg-url=\"\"><span class=\"fusion-imageframe imageframe-none imageframe-4 hover-type-none\"><img loading=\"lazy\" decoding=\"async\" src=\"http:\/\/vermeulen-immobilier.be\/wp-content\/uploads\/2020\/06\/separator-4px.png\" width=\"4\" height=\"4\" alt=\"\" title=\"separator 4px\" class=\"img-responsive wp-image-1237\"\/><\/span><div class=\"fusion-builder-row fusion-builder-row-inner fusion-row \"><div  class=\"fusion-layout-column fusion_builder_column fusion_builder_column_1_1 fusion-builder-nested-column-3 fusion-one-full fusion-column-first fusion-column-last 1_1\"  style='margin-top: 0px;margin-bottom: 20px;'>\n\t\t\t\t\t<div class=\"fusion-column-wrapper fusion-column-wrapper-3\" style=\"padding: 0px 0px 0px 0px;background-position:left top;background-repeat:no-repeat;-webkit-background-size:cover;-moz-background-size:cover;-o-background-size:cover;background-size:cover;\" data-bg-url=\"\">\n\t\t\t\t\t\t<style type=\"text\/css\"><\/style><div class=\"fusion-title title fusion-title-3 fusion-title-center fusion-title-text fusion-title-size-three\" style=\"margin-top:0px;margin-bottom:0px;\"><div class=\"title-sep-container title-sep-container-left\"><div class=\"title-sep sep-\" style=\"border-color:#e0dede;\"><\/div><\/div><h3 class=\"title-heading-center\" style=\"margin:0;color:#3b4251;\"><p style=\"text-align: center;\">COMPETENCES AGENT IMMOBILIER\u00a0 \u2013\u00a0 SUITE<\/p><\/h3><div class=\"title-sep-container title-sep-container-right\"><div class=\"title-sep sep-\" style=\"border-color:#e0dede;\"><\/div><\/div><\/div><div class=\"fusion-text\"><blockquote>\n<div id=\"v1gmail-m_1701673286922730669replybody1\">\n<div dir=\"ltr\">\n<div>\n<p align=\"JUSTIFY\">VERMEULEN-IMMOBILIER est votre partenaire dans le d\u00e9roulement de votre projet. En effet les r\u00e8gles du jeu et la l\u00e9gislation \u00e9tant de plus en plus complexes, l&rsquo;agent immobilier est habilit\u00e9 a exercer ce m\u00e9tier par les comp\u00e9tences et connaissances acquises :<\/p>\n<ul>\n<li>active dans les transactions de vente-achat-location de biens immobiliers (r\u00e9sidences, bureaux, commerces, \u2026) en r\u00e9gion bruxelloise et sa p\u00e9riph\u00e9rie,<\/li>\n<li>reconnue pour faire preuve des savoir-faire exigents de l&rsquo;investissement et de la rapidit\u00e9,<\/li>\n<li>sp\u00e9cialis\u00e9e dans la vente de biens r\u00e9sidentiels tels que les immeubles, maisons et appartements.<\/li>\n<\/ul>\n<p>En temps qu&rsquo;agents immobiliers agr\u00e9\u00e9s, nous suivons des formations permanentes et sommes toujours en premi\u00e8re ligne de l&rsquo;information ; nous respectons scrupuleusement la d\u00e9ontologie s&rsquo;appliquant au secteur.<br \/>\nD&rsquo;autre part l&rsquo;agr\u00e9ation nous permet de disposer d&rsquo;une assurance professionnelle.<br \/>\nL\u2019agent immobilier\u00a0est la personne intervenant dans la relation entre l\u2019acqu\u00e9reur et le vendeur ou entre le bailleur et le locataire, en r\u00e9unissant ces parties. Il apporte, pour le compte de tiers, une aide d\u00e9terminante en vue de la vente, l\u2019achat, l\u2019\u00e9change, la location ou la cession de biens immobiliers, droits immobiliers ou fonds de commerce.<\/p>\n<\/div>\n<\/div>\n<\/div>\n<\/blockquote>\n<\/div>\n\n\t\t\t\t\t<\/div>\n\t\t\t\t<\/div><\/div><div class=\"fusion-clearfix\"><\/div><\/div><\/div><\/div><\/div><style type=\"text\/css\">.fusion-fullwidth.fusion-builder-row-2 a:not(.fusion-button):not(.fusion-builder-module-control):not(.fusion-social-network-icon):not(.fb-icon-element):not(.fusion-countdown-link):not(.fusion-rollover-link):not(.fusion-rollover-gallery):not(.fusion-button-bar):not(.add_to_cart_button):not(.show_details_button):not(.product_type_external):not(.fusion-quick-view):not(.fusion-rollover-title-link):not(.fusion-breadcrumb-link) , .fusion-fullwidth.fusion-builder-row-2 a:not(.fusion-button):not(.fusion-builder-module-control):not(.fusion-social-network-icon):not(.fb-icon-element):not(.fusion-countdown-link):not(.fusion-rollover-link):not(.fusion-rollover-gallery):not(.fusion-button-bar):not(.add_to_cart_button):not(.show_details_button):not(.product_type_external):not(.fusion-quick-view):not(.fusion-rollover-title-link):not(.fusion-breadcrumb-link):before, .fusion-fullwidth.fusion-builder-row-2 a:not(.fusion-button):not(.fusion-builder-module-control):not(.fusion-social-network-icon):not(.fb-icon-element):not(.fusion-countdown-link):not(.fusion-rollover-link):not(.fusion-rollover-gallery):not(.fusion-button-bar):not(.add_to_cart_button):not(.show_details_button):not(.product_type_external):not(.fusion-quick-view):not(.fusion-rollover-title-link):not(.fusion-breadcrumb-link):after {color: #f7c42c;}.fusion-fullwidth.fusion-builder-row-2 a:not(.fusion-button):not(.fusion-builder-module-control):not(.fusion-social-network-icon):not(.fb-icon-element):not(.fusion-countdown-link):not(.fusion-rollover-link):not(.fusion-rollover-gallery):not(.fusion-button-bar):not(.add_to_cart_button):not(.show_details_button):not(.product_type_external):not(.fusion-quick-view):not(.fusion-rollover-title-link):not(.fusion-breadcrumb-link):hover, .fusion-fullwidth.fusion-builder-row-2 a:not(.fusion-button):not(.fusion-builder-module-control):not(.fusion-social-network-icon):not(.fb-icon-element):not(.fusion-countdown-link):not(.fusion-rollover-link):not(.fusion-rollover-gallery):not(.fusion-button-bar):not(.add_to_cart_button):not(.show_details_button):not(.product_type_external):not(.fusion-quick-view):not(.fusion-rollover-title-link):not(.fusion-breadcrumb-link):hover:before, .fusion-fullwidth.fusion-builder-row-2 a:not(.fusion-button):not(.fusion-builder-module-control):not(.fusion-social-network-icon):not(.fb-icon-element):not(.fusion-countdown-link):not(.fusion-rollover-link):not(.fusion-rollover-gallery):not(.fusion-button-bar):not(.add_to_cart_button):not(.show_details_button):not(.product_type_external):not(.fusion-quick-view):not(.fusion-rollover-title-link):not(.fusion-breadcrumb-link):hover:after {color: #f7c42c;}.fusion-fullwidth.fusion-builder-row-2 .pagination a.inactive:hover, .fusion-fullwidth.fusion-builder-row-2 .fusion-filters .fusion-filter.fusion-active a {border-color: #f7c42c;}.fusion-fullwidth.fusion-builder-row-2 .pagination .current {border-color: #f7c42c; background-color: #f7c42c;}.fusion-fullwidth.fusion-builder-row-2 .fusion-filters .fusion-filter.fusion-active a, .fusion-fullwidth.fusion-builder-row-2 .fusion-date-and-formats .fusion-format-box, .fusion-fullwidth.fusion-builder-row-2 .fusion-popover, .fusion-fullwidth.fusion-builder-row-2 .tooltip-shortcode {color: #f7c42c;}#main .fusion-fullwidth.fusion-builder-row-2 .post .blog-shortcode-post-title a:hover {color: #f7c42c;}<\/style><\/p>\n","protected":false},"excerpt":{"rendered":"","protected":false},"author":2,"featured_media":0,"parent":0,"menu_order":0,"comment_status":"closed","ping_status":"closed","template":"","meta":{"footnotes":""},"class_list":["post-1593","page","type-page","status-publish","hentry"],"_links":{"self":[{"href":"https:\/\/vermeulen-immobilier.be\/index.php\/wp-json\/wp\/v2\/pages\/1593","targetHints":{"allow":["GET"]}}],"collection":[{"href":"https:\/\/vermeulen-immobilier.be\/index.php\/wp-json\/wp\/v2\/pages"}],"about":[{"href":"https:\/\/vermeulen-immobilier.be\/index.php\/wp-json\/wp\/v2\/types\/page"}],"author":[{"embeddable":true,"href":"https:\/\/vermeulen-immobilier.be\/index.php\/wp-json\/wp\/v2\/users\/2"}],"replies":[{"embeddable":true,"href":"https:\/\/vermeulen-immobilier.be\/index.php\/wp-json\/wp\/v2\/comments?post=1593"}],"version-history":[{"count":37,"href":"https:\/\/vermeulen-immobilier.be\/index.php\/wp-json\/wp\/v2\/pages\/1593\/revisions"}],"predecessor-version":[{"id":2260,"href":"https:\/\/vermeulen-immobilier.be\/index.php\/wp-json\/wp\/v2\/pages\/1593\/revisions\/2260"}],"wp:attachment":[{"href":"https:\/\/vermeulen-immobilier.be\/index.php\/wp-json\/wp\/v2\/media?parent=1593"}],"curies":[{"name":"wp","href":"https:\/\/api.w.org\/{rel}","templated":true}]}}